{"id":92,"date":"2023-04-11T13:24:28","date_gmt":"2023-04-11T13:24:28","guid":{"rendered":"https:\/\/BockAufFotos.de\/?page_id=92"},"modified":"2023-04-11T16:17:10","modified_gmt":"2023-04-11T16:17:10","slug":"beauty","status":"publish","type":"page","link":"https:\/\/BockAufFotos.de\/?page_id=92","title":{"rendered":"Beauty"},"content":{"rendered":"<div class=\"flex flex-grow flex-col gap-3\">\n<div class=\"min-h-[20px] flex flex-col items-start gap-4 whitespace-pre-wrap\">\n<div class=\"markdown prose w-full break-words dark:prose-invert light\">\n<p>Die Beautyfotografie von Frauen ist eine Kunstform, die die Sch\u00f6nheit, Anmut und Eleganz des weiblichen K\u00f6rpers einf\u00e4ngt und feiert. Jeder Schuss zeigt eine Frau in ihrer besten Form, sei es durch das Spiel mit Licht und Schatten, den Einsatz von Farben und Texturen oder die Wahl der Hintergr\u00fcnde und Requisiten.<\/p>\n<p>Das Ziel der Beautyfotografie ist es, die nat\u00fcrliche Sch\u00f6nheit der Frau zu betonen und zu verst\u00e4rken, ohne dass sie sich verkleidet oder ver\u00e4ndert f\u00fchlt. Die Fotografen schaffen eine entspannte und angenehme Atmosph\u00e4re, um das Modell zu ermutigen, sich selbst zu sein und sich wohl zu f\u00fchlen.<\/p>\n<p>Die Beautyfotografie kann dazu beitragen, das Selbstbewusstsein und die Selbstliebe der Frauen zu st\u00e4rken, indem sie sie daran erinnert, wie sch\u00f6n und einzigartig sie sind. Es geht darum, die nat\u00fcrliche Sch\u00f6nheit der Frau zu betonen und zu feiern, indem man ihre einzigartigen Merkmale hervorhebt und ihr Selbstbewusstsein st\u00e4rkt.<\/p>\n<p>Die Beautyfotografie kann auch dazu beitragen, die Kunstfotografie zu erweitern, indem sie die menschliche Sch\u00f6nheit in all ihren Formen und Farben zeigt. Es geht darum, Frauen jeden Alters, jeder Herkunft und jeder Gr\u00f6\u00dfe zu w\u00fcrdigen und ihre Sch\u00f6nheit zu feiern.<\/p>\n<p>Insgesamt ist die Beautyfotografie von Frauen eine wunderbare Kunstform, die dazu beitr\u00e4gt, die Sch\u00f6nheit und Einzigartigkeit der Frau zu feiern und zu betonen. Es geht darum, Frauen zu ermutigen, sich selbst zu lieben und ihre nat\u00fcrliche Sch\u00f6nheit zu sch\u00e4tzen.<\/p>\nngg_shortcode_0_placeholder<\/div>\n<\/div>\n<\/div>\n","protected":false},"excerpt":{"rendered":"<p>Die Beautyfotografie von Frauen ist eine Kunstform, die die Sch\u00f6nheit, Anmut und Eleganz des weiblichen K\u00f6rpers einf\u00e4ngt und feiert. Jeder Schuss zeigt eine Frau in ihrer besten Form, sei es durch das Spiel mit Licht und Schatten, den Einsatz von Farben und Texturen oder die Wahl der Hintergr\u00fcnde und Requisiten. Das Ziel der Beautyfotografie ist [&hellip;]<\/p>\n","protected":false},"author":1,"featured_media":275,"parent":149,"menu_order":0,"comment_status":"closed","ping_status":"closed","template":"","meta":{"ngg_post_thumbnail":0,"footnotes":""},"class_list":["post-92","page","type-page","status-publish","has-post-thumbnail","hentry"],"_links":{"self":[{"href":"https:\/\/BockAufFotos.de\/index.php?rest_route=\/wp\/v2\/pages\/92","targetHints":{"allow":["GET"]}}],"collection":[{"href":"https:\/\/BockAufFotos.de\/index.php?rest_route=\/wp\/v2\/pages"}],"about":[{"href":"https:\/\/BockAufFotos.de\/index.php?rest_route=\/wp\/v2\/types\/page"}],"author":[{"embeddable":true,"href":"https:\/\/BockAufFotos.de\/index.php?rest_route=\/wp\/v2\/users\/1"}],"replies":[{"embeddable":true,"href":"https:\/\/BockAufFotos.de\/index.php?rest_route=%2Fwp%2Fv2%2Fcomments&post=92"}],"version-history":[{"count":3,"href":"https:\/\/BockAufFotos.de\/index.php?rest_route=\/wp\/v2\/pages\/92\/revisions"}],"predecessor-version":[{"id":272,"href":"https:\/\/BockAufFotos.de\/index.php?rest_route=\/wp\/v2\/pages\/92\/revisions\/272"}],"up":[{"embeddable":true,"href":"https:\/\/BockAufFotos.de\/index.php?rest_route=\/wp\/v2\/pages\/149"}],"wp:featuredmedia":[{"embeddable":true,"href":"https:\/\/BockAufFotos.de\/index.php?rest_route=\/wp\/v2\/media\/275"}],"wp:attachment":[{"href":"https:\/\/BockAufFotos.de\/index.php?rest_route=%2Fwp%2Fv2%2Fmedia&parent=92"}],"curies":[{"name":"wp","href":"https:\/\/api.w.org\/{rel}","templated":true}]}}