{"id":99,"date":"2023-04-11T13:30:19","date_gmt":"2023-04-11T13:30:19","guid":{"rendered":"https:\/\/BockAufFotos.de\/?page_id=99"},"modified":"2024-05-20T01:08:49","modified_gmt":"2024-05-20T01:08:49","slug":"erotik","status":"publish","type":"page","link":"https:\/\/BockAufFotos.de\/?page_id=99","title":{"rendered":"Erotik"},"content":{"rendered":"<div class=\"flex flex-grow flex-col gap-3\">\n<div class=\"min-h-[20px] flex flex-col items-start gap-4 whitespace-pre-wrap\">\n<div class=\"markdown prose w-full break-words dark:prose-invert light\">\n<p>Die Erotikfotografie von Frauen ist eine Kunstform, die die Grenzen zwischen Erotik, Kunst und Sinnlichkeit verschwimmen l\u00e4sst. Es geht darum, die nat\u00fcrliche Sch\u00f6nheit und die Verf\u00fchrungskraft des weiblichen K\u00f6rpers auf eine provokative und \u00e4sthetische Weise einzufangen.<\/p>\n<p>Jedes Bild zeigt eine Frau in ihrer sinnlichsten Form &#8211; in intimen Momenten, provokativen Posen und verf\u00fchrerischer Kleidung. Die Erotikfotografie ist eine M\u00f6glichkeit, die sexuelle Anziehungskraft einer Frau zu zelebrieren und ihre Sinnlichkeit auf eine k\u00fcnstlerische Weise zu pr\u00e4sentieren.<\/p>\n<p>Die Erotikfotografie ist einzigartig, da sie den Betrachter in eine Welt der Fantasie und Sinnlichkeit entf\u00fchrt. Es geht darum, die erotischen Aspekte des weiblichen K\u00f6rpers zu betonen, ohne dabei vulg\u00e4r oder pornografisch zu wirken. Es geht darum, das Verlangen und die Lust auf eine \u00e4sthetische und elegante Weise auszudr\u00fccken.<\/p>\n<p>Die Erotikfotografie von Frauen kann dazu beitragen, die Sch\u00f6nheit und Anziehungskraft des weiblichen K\u00f6rpers zu feiern und Frauen zu ermutigen, ihre Sexualit\u00e4t auf eine selbstbewusste und positive Art und Weise auszudr\u00fccken. Es ist eine Kunstform, die dazu beitragen kann, das Selbstbewusstsein und die Selbstliebe von Frauen zu st\u00e4rken, indem sie ihnen hilft, ihre innere G\u00f6ttin zu entfesseln und ihre Sinnlichkeit zu zeigen.<\/p>\n<p>Insgesamt ist die Erotikfotografie von Frauen eine faszinierende Kunstform, die dazu beitragen kann, die Sch\u00f6nheit und Sinnlichkeit des weiblichen K\u00f6rpers zu feiern und Frauen zu ermutigen, ihre Sexualit\u00e4t auf eine selbstbewusste und positive Art und Weise auszudr\u00fccken. Es ist eine Kunstform, die die Grenzen zwischen Erotik, Kunst und Sinnlichkeit verschwimmen l\u00e4sst und den Betrachter in eine Welt der Fantasie und Sinnlichkeit entf\u00fchrt.<\/p>\n<p>ngg_shortcode_0_placeholderErotik gef\u00e4llt dir?! Du zeigst dich gerne?! Du willst &#8222;mehr&#8220;?!<br \/>\nDann schaue doch einfach mal <a href=\"http:\/\/www.XHeaven.de\" target=\"_blank\" rel=\"noopener\">hier<\/a> vorbei&#8230;<\/p>\n<\/div>\n<\/div>\n<\/div>\n","protected":false},"excerpt":{"rendered":"<p>Die Erotikfotografie von Frauen ist eine Kunstform, die die Grenzen zwischen Erotik, Kunst und Sinnlichkeit verschwimmen l\u00e4sst. Es geht darum, die nat\u00fcrliche Sch\u00f6nheit und die Verf\u00fchrungskraft des weiblichen K\u00f6rpers auf eine provokative und \u00e4sthetische Weise einzufangen. Jedes Bild zeigt eine Frau in ihrer sinnlichsten Form &#8211; in intimen Momenten, provokativen Posen und verf\u00fchrerischer Kleidung. Die [&hellip;]<\/p>\n","protected":false},"author":1,"featured_media":341,"parent":149,"menu_order":0,"comment_status":"closed","ping_status":"closed","template":"","meta":{"ngg_post_thumbnail":0,"footnotes":""},"class_list":["post-99","page","type-page","status-publish","has-post-thumbnail","hentry"],"_links":{"self":[{"href":"https:\/\/BockAufFotos.de\/index.php?rest_route=\/wp\/v2\/pages\/99","targetHints":{"allow":["GET"]}}],"collection":[{"href":"https:\/\/BockAufFotos.de\/index.php?rest_route=\/wp\/v2\/pages"}],"about":[{"href":"https:\/\/BockAufFotos.de\/index.php?rest_route=\/wp\/v2\/types\/page"}],"author":[{"embeddable":true,"href":"https:\/\/BockAufFotos.de\/index.php?rest_route=\/wp\/v2\/users\/1"}],"replies":[{"embeddable":true,"href":"https:\/\/BockAufFotos.de\/index.php?rest_route=%2Fwp%2Fv2%2Fcomments&post=99"}],"version-history":[{"count":4,"href":"https:\/\/BockAufFotos.de\/index.php?rest_route=\/wp\/v2\/pages\/99\/revisions"}],"predecessor-version":[{"id":516,"href":"https:\/\/BockAufFotos.de\/index.php?rest_route=\/wp\/v2\/pages\/99\/revisions\/516"}],"up":[{"embeddable":true,"href":"https:\/\/BockAufFotos.de\/index.php?rest_route=\/wp\/v2\/pages\/149"}],"wp:featuredmedia":[{"embeddable":true,"href":"https:\/\/BockAufFotos.de\/index.php?rest_route=\/wp\/v2\/media\/341"}],"wp:attachment":[{"href":"https:\/\/BockAufFotos.de\/index.php?rest_route=%2Fwp%2Fv2%2Fmedia&parent=99"}],"curies":[{"name":"wp","href":"https:\/\/api.w.org\/{rel}","templated":true}]}}